{"id":1536,"date":"2025-08-29T14:31:53","date_gmt":"2025-08-29T19:31:53","guid":{"rendered":"https:\/\/www.colconcretos.com\/?page_id=1536"},"modified":"2025-10-23T11:20:09","modified_gmt":"2025-10-23T16:20:09","slug":"formulario-contratos","status":"publish","type":"page","link":"https:\/\/www.colconcretos.com\/?page_id=1536","title":{"rendered":"Formulario Contratos"},"content":{"rendered":"\t\t<div data-elementor-type=\"wp-page\" data-elementor-id=\"1536\" class=\"elementor elementor-1536\" data-elementor-post-type=\"page\">\n\t\t\t\t\t\t<section class=\"elementor-section elementor-top-section elementor-element elementor-element-aaf9f9e ct-section-stretched elementor-section-boxed elementor-section-height-default elementor-section-height-default\" data-id=\"aaf9f9e\" data-element_type=\"section\" data-e-type=\"section\" data-settings=\"{&quot;background_background&quot;:&quot;classic&quot;}\">\n\t\t\t\t\t\t\t<div class=\"elementor-background-overlay\"><\/div>\n\t\t\t\t\t\t\t<div class=\"elementor-container elementor-column-gap-default\">\n\t\t\t\t\t<div class=\"elementor-column elementor-col-100 elementor-top-column elementor-element elementor-element-7a351fcc\" data-id=\"7a351fcc\" data-element_type=\"column\" data-e-type=\"column\">\n\t\t\t<div class=\"elementor-widget-wrap elementor-element-populated\">\n\t\t\t\t\t\t<div class=\"elementor-element elementor-element-181c8fcf elementor-widget elementor-widget-text-editor\" data-id=\"181c8fcf\" data-element_type=\"widget\" data-e-type=\"widget\" data-widget_type=\"text-editor.default\">\n\t\t\t\t\t\t\t\t\t<p><strong>Contactenos!<\/strong><\/p>\t\t\t\t\t\t\t\t<\/div>\n\t\t\t\t<div class=\"elementor-element elementor-element-7e2d95b0 elementor-widget__width-initial elementor-widget elementor-widget-heading\" data-id=\"7e2d95b0\" data-element_type=\"widget\" data-e-type=\"widget\" data-widget_type=\"heading.default\">\n\t\t\t\t\t<h2 class=\"elementor-heading-title elementor-size-default\">\u00danete a Nuestro Equipo<\/h2>\t\t\t\t<\/div>\n\t\t\t\t\t<\/div>\n\t\t<\/div>\n\t\t\t\t\t<\/div>\n\t\t<\/section>\n\t\t\t\t<section class=\"elementor-section elementor-top-section elementor-element elementor-element-67e1b62b elementor-section-boxed elementor-section-height-default elementor-section-height-default\" data-id=\"67e1b62b\" data-element_type=\"section\" data-e-type=\"section\">\n\t\t\t\t\t\t<div class=\"elementor-container elementor-column-gap-no\">\n\t\t\t\t\t<div class=\"elementor-column elementor-col-100 elementor-top-column elementor-element elementor-element-63cb9153\" data-id=\"63cb9153\" data-element_type=\"column\" data-e-type=\"column\">\n\t\t\t<div class=\"elementor-widget-wrap elementor-element-populated\">\n\t\t\t\t\t\t<div class=\"elementor-element elementor-element-6cb8708a elementor-widget elementor-widget-spacer\" data-id=\"6cb8708a\" data-element_type=\"widget\" data-e-type=\"widget\" data-widget_type=\"spacer.default\">\n\t\t\t\t\t\t\t<div class=\"elementor-spacer\">\n\t\t\t<div class=\"elementor-spacer-inner\"><\/div>\n\t\t<\/div>\n\t\t\t\t\t\t<\/div>\n\t\t\t\t\t<\/div>\n\t\t<\/div>\n\t\t\t\t\t<\/div>\n\t\t<\/section>\n\t\t\t\t<section class=\"elementor-section elementor-top-section elementor-element elementor-element-202ec82e elementor-section-boxed elementor-section-height-default elementor-section-height-default\" data-id=\"202ec82e\" data-element_type=\"section\" data-e-type=\"section\">\n\t\t\t\t\t\t<div class=\"elementor-container elementor-column-gap-no\">\n\t\t\t\t\t<div class=\"elementor-column elementor-col-100 elementor-top-column elementor-element elementor-element-12049a8a\" data-id=\"12049a8a\" data-element_type=\"column\" data-e-type=\"column\">\n\t\t\t<div class=\"elementor-widget-wrap elementor-element-populated\">\n\t\t\t\t\t\t<div class=\"elementor-element elementor-element-65bb3b4b elementor-widget elementor-widget-spacer\" data-id=\"65bb3b4b\" data-element_type=\"widget\" data-e-type=\"widget\" data-widget_type=\"spacer.default\">\n\t\t\t\t\t\t\t<div class=\"elementor-spacer\">\n\t\t\t<div class=\"elementor-spacer-inner\"><\/div>\n\t\t<\/div>\n\t\t\t\t\t\t<\/div>\n\t\t\t\t\t<\/div>\n\t\t<\/div>\n\t\t\t\t\t<\/div>\n\t\t<\/section>\n\t\t\t\t<section class=\"elementor-section elementor-top-section elementor-element elementor-element-6d04fe21 elementor-section-boxed elementor-section-height-default elementor-section-height-default\" data-id=\"6d04fe21\" data-element_type=\"section\" data-e-type=\"section\">\n\t\t\t\t\t\t<div class=\"elementor-container elementor-column-gap-default\">\n\t\t\t\t\t<div class=\"elementor-column elementor-col-100 elementor-top-column elementor-element elementor-element-2c17828e\" data-id=\"2c17828e\" data-element_type=\"column\" data-e-type=\"column\">\n\t\t\t<div class=\"elementor-widget-wrap elementor-element-populated\">\n\t\t\t\t\t\t<div class=\"elementor-element elementor-element-57f37ee5 elementor-widget elementor-widget-heading\" data-id=\"57f37ee5\" data-element_type=\"widget\" data-e-type=\"widget\" data-widget_type=\"heading.default\">\n\t\t\t\t\t<h2 class=\"elementor-heading-title elementor-size-default\">Cont\u00e1ctenos <\/h2>\t\t\t\t<\/div>\n\t\t\t\t<div class=\"elementor-element elementor-element-75f139db elementor-widget__width-initial elementor-widget elementor-widget-text-editor\" data-id=\"75f139db\" data-element_type=\"widget\" data-e-type=\"widget\" data-widget_type=\"text-editor.default\">\n\t\t\t\t\t\t\t\t\t<p>Completa el formulario y adjunta tu CV. Nuestro equipo de selecci\u00f3n revisar\u00e1 tu perfil y se pondr\u00e1 en contacto contigo en caso de que tu perfil se ajuste a nuestras vacantes..<\/p>\t\t\t\t\t\t\t\t<\/div>\n\t\t\t\t\t<\/div>\n\t\t<\/div>\n\t\t\t\t\t<\/div>\n\t\t<\/section>\n\t\t\t\t<section class=\"elementor-section elementor-top-section elementor-element elementor-element-36b58f16 elementor-section-boxed elementor-section-height-default elementor-section-height-default\" data-id=\"36b58f16\" data-element_type=\"section\" data-e-type=\"section\">\n\t\t\t\t\t\t<div class=\"elementor-container elementor-column-gap-default\">\n\t\t\t\t\t<div class=\"elementor-column elementor-col-50 elementor-top-column elementor-element elementor-element-2d3837ba\" data-id=\"2d3837ba\" data-element_type=\"column\" data-e-type=\"column\">\n\t\t\t<div class=\"elementor-widget-wrap elementor-element-populated\">\n\t\t\t\t<div class=\"elementor-element elementor-element-5f3a0d6 e-flex e-con-boxed e-con e-parent\" data-id=\"5f3a0d6\" data-element_type=\"container\" data-e-type=\"container\">\n\t\t\t\t\t<div class=\"e-con-inner\">\n\t\t\t\t<div class=\"elementor-element elementor-element-707aa8f elementor-widget elementor-widget-image\" data-id=\"707aa8f\" data-element_type=\"widget\" data-e-type=\"widget\" data-widget_type=\"image.default\">\n\t\t\t\t\t\t\t\t\t\t\t\t\t\t\t<img fetchpriority=\"high\" decoding=\"async\" width=\"1024\" height=\"819\" src=\"https:\/\/www.colconcretos.com\/wp-content\/uploads\/2025\/10\/Imagen-de-WhatsApp-2025-10-14-a-las-14.21.12_9d296585.jpg\" class=\"attachment-large size-large wp-image-4100\" alt=\"\" \/>\t\t\t\t\t\t\t\t\t\t\t\t\t\t\t<\/div>\n\t\t\t\t\t<\/div>\n\t\t\t\t<\/div>\n\t\t\t\t\t<\/div>\n\t\t<\/div>\n\t\t\t\t<div class=\"elementor-column elementor-col-50 elementor-top-column elementor-element elementor-element-4a13a59c\" data-id=\"4a13a59c\" data-element_type=\"column\" data-e-type=\"column\">\n\t\t\t<div class=\"elementor-widget-wrap elementor-element-populated\">\n\t\t\t\t<div class=\"elementor-element elementor-element-d0d7d98 e-flex e-con-boxed e-con e-parent\" data-id=\"d0d7d98\" data-element_type=\"container\" data-e-type=\"container\">\n\t\t\t\t\t<div class=\"e-con-inner\">\n\t\t\t\t<div class=\"elementor-element elementor-element-6c4949e3 elementor-widget elementor-widget-heading\" data-id=\"6c4949e3\" data-element_type=\"widget\" data-e-type=\"widget\" data-widget_type=\"heading.default\">\n\t\t\t\t\t<h2 class=\"elementor-heading-title elementor-size-default\">Crece con Nosotros<\/h2>\t\t\t\t<\/div>\n\t\t\t\t<div class=\"elementor-element elementor-element-cfe6446 elementor-widget elementor-widget-shortcode\" data-id=\"cfe6446\" data-element_type=\"widget\" data-e-type=\"widget\" data-widget_type=\"shortcode.default\">\n\t\t\t\t\t\t\t<div class=\"elementor-shortcode\"><div class=\"forminator-ui forminator-custom-form forminator-custom-form-1547 forminator-design--default  forminator_ajax\" data-forminator-render=\"0\" data-form=\"forminator-module-1547\" data-uid=\"69e2f93a8df13\"><br\/><\/div><form\n\t\t\t\tid=\"forminator-module-1547\"\n\t\t\t\tclass=\"forminator-ui forminator-custom-form forminator-custom-form-1547 forminator-design--default  forminator_ajax\"\n\t\t\t\tmethod=\"post\"\n\t\t\t\tdata-forminator-render=\"0\"\n\t\t\t\tdata-form-id=\"1547\"\n\t\t\t\t\n\t\t\t\tdata-design=\"default\"\n\t\t\t\tdata-color-option=\"theme\"\n\t\t\t\t\n\t\t\t\t\n\t\t\t\t\n\t\t\t\tdata-grid=\"open\"\n\t\t\t\tenctype=\"multipart\/form-data\"\n\t\t\t\t\n\t\t\t\tstyle=\"display: none;\"\n\t\t\t\t\n\t\t\t\tdata-uid=\"69e2f93a8df13\"\n\t\t\t><div role=\"alert\" aria-live=\"polite\" class=\"forminator-response-message forminator-error\" aria-hidden=\"true\"><\/div><div class=\"forminator-row\"><div id=\"name-1\" class=\"forminator-field-name forminator-col forminator-col-12 \"><div class=\"forminator-field\"><label for=\"forminator-field-name-1_69e2f93a8df13\" id=\"forminator-field-name-1_69e2f93a8df13-label\" class=\"forminator-label\">Nombre Completo <span class=\"forminator-required\">*<\/span><\/label><span id=\"forminator-field-name-1_69e2f93a8df13-description\" class=\"forminator-description\">Ingresa el Nombre Completo<\/span><input type=\"text\" name=\"name-1\" value=\"\" placeholder=\"\" id=\"forminator-field-name-1_69e2f93a8df13\" class=\"forminator-input forminator-name--field\" aria-required=\"true\" aria-describedby=\"forminator-field-name-1_69e2f93a8df13-description\" \/><\/div><\/div><\/div><div class=\"forminator-row\"><div id=\"email-1\" class=\"forminator-field-email forminator-col forminator-col-12 \"><div class=\"forminator-row-inside forminator-row-with-confirmation-email\"><div class=\"forminator-col forminator-col-6\"><div class=\"forminator-field\"><label for=\"forminator-field-email-1_69e2f93a8df13\" id=\"forminator-field-email-1_69e2f93a8df13-label\" class=\"forminator-label\">Correo electr\u00f3nico <span class=\"forminator-required\">*<\/span><\/label><span id=\"forminator-field-email-1_69e2f93a8df13-description\" class=\"forminator-description\">Ingresa tu Correo Electronico<\/span><input type=\"email\" name=\"email-1\" value=\"\" placeholder=\"\" id=\"forminator-field-email-1_69e2f93a8df13\" class=\"forminator-input forminator-email--field\" data-required=\"true\" aria-required=\"true\" aria-describedby=\"forminator-field-email-1_69e2f93a8df13-description\" \/><\/div><\/div><div class=\"forminator-col forminator-col-6\"><div class=\"forminator-field\"><label for=\"forminator-field-confirm_email-1_69e2f93a8df13\" id=\"forminator-field-confirm_email-1_69e2f93a8df13-label\" class=\"forminator-label\">Confirmar tu correo electronico <span class=\"forminator-required\">*<\/span><\/label><input type=\"email\" name=\"confirm_email-1\" value=\"\" placeholder=\"Vuelva a escribir la direcci\u00f3n de correo electr\u00f3nico\" id=\"forminator-field-confirm_email-1_69e2f93a8df13\" class=\"forminator-input forminator-name--field\" data-required=\"true\" aria-required=\"true\" \/><\/div><\/div><\/div><\/div><\/div><div class=\"forminator-row\"><div id=\"phone-1\" class=\"forminator-field-phone forminator-col forminator-col-12 \"><div class=\"forminator-field\"><label for=\"forminator-field-phone-1_69e2f93a8df13\" id=\"forminator-field-phone-1_69e2f93a8df13-label\" class=\"forminator-label\">N\u00famero de tel\u00e9fono <span class=\"forminator-required\">*<\/span><\/label><span id=\"forminator-field-phone-1_69e2f93a8df13-description\" class=\"forminator-description\" id=\"forminator-field-phone-1_69e2f93a8df13-description\">Ingresa tu Numero de celular<\/span><input type=\"text\" name=\"phone-1\" value=\"\" placeholder=\"\" id=\"forminator-field-phone-1_69e2f93a8df13\" class=\"forminator-input forminator-field--phone\" data-required=\"1\" aria-required=\"true\" autocomplete=\"off\" data-national_mode=\"enabled\" data-country=\"co\" data-validation=\"standard\" aria-describedby=\"forminator-field-phone-1_69e2f93a8df13-description\" \/><\/div><\/div><\/div><div class=\"forminator-row\"><div id=\"name-2\" class=\"forminator-field-name forminator-col forminator-col-12 \"><div class=\"forminator-field\"><label for=\"forminator-field-name-2_69e2f93a8df13\" id=\"forminator-field-name-2_69e2f93a8df13-label\" class=\"forminator-label\">Cargo a Desempe\u00f1ar <span class=\"forminator-required\">*<\/span><\/label><input type=\"text\" name=\"name-2\" value=\"\" placeholder=\"\" id=\"forminator-field-name-2_69e2f93a8df13\" class=\"forminator-input forminator-name--field\" aria-required=\"true\" \/><\/div><\/div><\/div><div class=\"forminator-row\"><div id=\"upload-1\" class=\"forminator-field-upload forminator-col forminator-col-12 \"><div class=\"forminator-field\"><label for=\"forminator-field-upload-1_69e2f93a8df13\" id=\"forminator-field-upload-1_69e2f93a8df13-label\" class=\"forminator-label\">Sube tu CV <span class=\"forminator-required\">*<\/span><\/label><span id=\"forminator-field-upload-1_69e2f93a8df13-description\" class=\"forminator-description\">sube tu hoja de vida<\/span><div class=\"forminator-multi-upload \" data-element=\"upload-1_69e2f93a8df13\" aria-describedby=\"forminator-field-upload-1_69e2f93a8df13-description\"><input type=\"file\" name=\"upload-1[]\" id=\"forminator-field-upload-1_69e2f93a8df13\" class=\"forminator-input-file-required do-validate forminator-field-upload-1_69e2f93a8df13-1547\" multiple=\"multiple\" data-method=\"ajax\" accept=\".avif,.heif,.heics,.heifs,.txt,.asc,.c,.cc,.h,.srt,.csv,.tsv,.ics,.rtx,.vtt,.rtf,.class,.tar,.zip,.gz,.gzip,.7z,.xla,.xls,.xlt,.xlw,.xlsx,.xlsm,.xlsb,.xltx,.xltm,.xlam,.pptx,.pptm,.ppsx,.ppsm,.potx,.potm,.ppam,.sldx,.sldm,.ods,.key,.numbers,.geojson,.json,.doc,.docm,.pdf,.docx\" data-size=\"30000000\" data-size-message=\"El tama\u00f1o m\u00e1ximo de archivo permitido es 30 MB. \" data-filetype=\"avif|heif|heics|heifs|txt|asc|c|cc|h|srt|csv|tsv|ics|rtx|vtt|rtf|class|tar|zip|gz|gzip|7z|xla|xls|xlt|xlw|xlsx|xlsm|xlsb|xltx|xltm|xlam|pptx|pptm|ppsx|ppsm|potx|potm|ppam|sldx|sldm|ods|key|numbers|geojson|json|doc|docm|pdf|docx\" data-filetype-message=\"la extensi\u00f3n del archivo no est\u00e1 permitida.\"><div class=\"forminator-multi-upload-message\" aria-hidden=\"true\"><span class=\"forminator-icon-upload\" aria-hidden=\"true\"><\/span><p>Arrastrar y soltar (o) <a class=\"forminator-upload-file--forminator-field-upload-1_69e2f93a8df13\" href=\"#\" onclick=\"return false;\">cambiar archivos<\/a><\/p><\/div><\/div><ul class=\"forminator-uploaded-files upload-container-upload-1_69e2f93a8df13\"><\/ul><\/div><\/div><\/div><div class=\"forminator-row\"><div id=\"captcha-1\" class=\"forminator-field-captcha forminator-col forminator-col-12 \"><div class=\"forminator-captcha-left forminator-g-recaptcha\" data-theme=\"light\"  data-sitekey=\"6LfmhfQrAAAAAAhW0BXWJPPQHhSagyumyysoJVP2\" data-size=\"normal\"><\/div> <\/div><\/div><div class=\"forminator-row\"><div id=\"date-1\" class=\"forminator-field-date forminator-col forminator-col-12 \"><div class=\"forminator-field\"><label for=\"forminator-field-date-1-picker_69e2f93a8df13\" id=\"forminator-field-date-1-picker_69e2f93a8df13-label\" class=\"forminator-label\">Fecha<\/label><div class=\"forminator-input-with-icon\"><span class=\"forminator-icon-calendar\" aria-hidden=\"true\"><\/span><input autocomplete=\"off\" type=\"text\" size=\"1\" name=\"date-1\" value=\"04\/17\/2026\" placeholder=\"Elegir fecha\" id=\"forminator-field-date-1-picker_69e2f93a8df13\" class=\"forminator-input forminator-datepicker\" data-required=\"\" data-format=\"mm\/dd\/yy\" data-restrict-type=\"\" data-restrict=\"\" data-start-year=\"1926\" data-end-year=\"2126\" data-past-dates=\"enable\" data-start-of-week=\"1\" data-start-date=\"\" data-end-date=\"\" data-start-field=\"\" data-end-field=\"\" data-start-offset=\"\" data-end-offset=\"\" data-disable-date=\"\" data-disable-range=\"\" \/><\/div><\/div><\/div><\/div><input type=\"hidden\" name=\"referer_url\" value=\"\" \/><div class=\"forminator-row forminator-row-last\"><div class=\"forminator-col\"><div class=\"forminator-field\"><button class=\"forminator-button forminator-button-submit\">Enviar<\/button><\/div><\/div><\/div><input type=\"hidden\" id=\"forminator_nonce\" name=\"forminator_nonce\" value=\"42217bc46c\" \/><input type=\"hidden\" name=\"_wp_http_referer\" value=\"\/index.php?rest_route=%2Fwp%2Fv2%2Fpages%2F1536\" \/><input type=\"hidden\" name=\"form_id\" value=\"1547\"><input type=\"hidden\" name=\"page_id\" value=\"1536\"><input type=\"hidden\" name=\"form_type\" value=\"default\"><input type=\"hidden\" name=\"current_url\" value=\"https:\/\/www.colconcretos.com\/?page_id=1536\"><input type=\"hidden\" name=\"render_id\" value=\"0\"><input type=\"hidden\" name=\"forminator-multifile-hidden\" class=\"forminator-multifile-hidden\"><input type=\"hidden\" name=\"action\" value=\"forminator_submit_form_custom-forms\"><\/form><\/div>\n\t\t\t\t\t\t<\/div>\n\t\t\t\t\t<\/div>\n\t\t\t\t<\/div>\n\t\t\t\t\t<\/div>\n\t\t<\/div>\n\t\t\t\t\t<\/div>\n\t\t<\/section>\n\t\t\t\t<\/div>\n\t\t","protected":false},"excerpt":{"rendered":"<p>Contactenos! \u00danete a Nuestro Equipo Cont\u00e1ctenos Completa el formulario y adjunta tu CV. Nuestro equipo de selecci\u00f3n revisar\u00e1 tu perfil y se pondr\u00e1 en contacto contigo en caso de que tu perfil se ajuste a nuestras vacantes.. Crece con Nosotros<\/p>\n","protected":false},"author":1,"featured_media":0,"parent":0,"menu_order":0,"comment_status":"closed","ping_status":"closed","template":"","meta":{"footnotes":""},"class_list":["post-1536","page","type-page","status-publish","hentry"],"blocksy_meta":[],"_links":{"self":[{"href":"https:\/\/www.colconcretos.com\/index.php?rest_route=\/wp\/v2\/pages\/1536","targetHints":{"allow":["GET"]}}],"collection":[{"href":"https:\/\/www.colconcretos.com\/index.php?rest_route=\/wp\/v2\/pages"}],"about":[{"href":"https:\/\/www.colconcretos.com\/index.php?rest_route=\/wp\/v2\/types\/page"}],"author":[{"embeddable":true,"href":"https:\/\/www.colconcretos.com\/index.php?rest_route=\/wp\/v2\/users\/1"}],"replies":[{"embeddable":true,"href":"https:\/\/www.colconcretos.com\/index.php?rest_route=%2Fwp%2Fv2%2Fcomments&post=1536"}],"version-history":[{"count":22,"href":"https:\/\/www.colconcretos.com\/index.php?rest_route=\/wp\/v2\/pages\/1536\/revisions"}],"predecessor-version":[{"id":4808,"href":"https:\/\/www.colconcretos.com\/index.php?rest_route=\/wp\/v2\/pages\/1536\/revisions\/4808"}],"wp:attachment":[{"href":"https:\/\/www.colconcretos.com\/index.php?rest_route=%2Fwp%2Fv2%2Fmedia&parent=1536"}],"curies":[{"name":"wp","href":"https:\/\/api.w.org\/{rel}","templated":true}]}}